{"id":4484,"date":"2021-04-26T11:49:11","date_gmt":"2021-04-26T09:49:11","guid":{"rendered":"https:\/\/gcebollero.com\/aviso-legal\/"},"modified":"2021-04-26T11:49:11","modified_gmt":"2021-04-26T09:49:11","slug":"aviso-legal","status":"publish","type":"page","link":"https:\/\/gcebollero.com\/ca\/aviso-legal\/","title":{"rendered":"Aviso legal"},"content":{"rendered":"<section id=\"bt_bb_section69d77296512ea\"  class=\"bt_bb_section bt_bb_top_spacing_large bt_bb_bottom_spacing_large bt_bb_layout_boxed_1200 bt_bb_vertical_align_top\" ><div class=\"bt_bb_port\"><div class=\"bt_bb_cell\"><div class=\"bt_bb_cell_inner\"><div class=\"bt_bb_row_wrapper\"><div  class=\"bt_bb_row\" ><div  class=\"bt_bb_column col-xl-12 col-xs-12 col-sm-12 col-md-12 col-lg-12 bt_bb_vertical_align_top bt_bb_align_left bt_bb_padding_normal\"  data-width=\"12\" data-bt-override-class=\"{&quot;bt_bb_align_&quot;:{&quot;current_class&quot;:&quot;bt_bb_align_left&quot;,&quot;xl&quot;:&quot;left&quot;}}\"><div class=\"bt_bb_column_content\"><div class=\"bt_bb_column_content_inner\"><header class=\"bt_bb_headline bt_bb_dash_none bt_bb_size_inherit bt_bb_align_center\"><h2><span class=\"bt_bb_headline_content\"><span>AVISO LEGAL<\/span><\/span><\/h2><\/header><div class=\"bt_bb_separator bt_bb_top_spacing_medium bt_bb_border_style_none bt_bb_border_color_none\"><\/div><div  class=\"bt_bb_text\" ><h5>1) INFORMACI\u00d3N DEL TITULAR<\/h5>\n<p>En cumplimiento del art\u00edculo 10 de la Ley 34\/2002, de 11 de julio, de Servicios de la Sociedad de la Informaci\u00f3n y Comercio Electr\u00f3nico, a continuaci\u00f3n, se exponen los datos identificativos del Titular:<\/p>\n<p>Web: https:\/\/gcebollero.com\/<br \/>\nTitular: GESTORIA CEBOLLERO, S.L.<br \/>\nDomicilio: C\/ Mossen Cinto Verdaguer. 25100-Almacelles<br \/>\nC.I.F.: B25400201<br \/>\nTel\u00e9fono: 973740145<br \/>\nCorreo electr\u00f3nico: javier@gcebollero.com<br \/>\nDatos registrales: Registro mercantil de LLEIDA, en el tomo: 495, folio: 159, hoja: 9227<\/p>\n<\/div><div class=\"bt_bb_separator bt_bb_top_spacing_medium bt_bb_border_style_none bt_bb_border_color_none\"><\/div><div  class=\"bt_bb_text\" ><h5>2) T\u00c9RMINOS Y CONDICIONES DE ACCESO Y USO<\/h5>\n<p><strong>El sitio web<\/strong><\/p>\n<p>El objeto de las presentes Condiciones Generales de Uso (en adelante, Condiciones) es regular el acceso y la utilizaci\u00f3n del Sitio Web.<\/p>\n<p>GESTORIA CEBOLLERO, S.L. se reserva la facultad de modificar, en cualquier momento, y sin aviso previo, la presentaci\u00f3n y configuraci\u00f3n del Sitio Web y de los Contenidos y Servicios que en \u00e9l pudieran estar incorporados. El Usuario reconoce y acepta que en cualquier momento GESTORIA CEBOLLERO, S.L. pueda interrumpir, desactivar y\/o cancelar cualquiera de estos elementos que se integran en el Sitio Web o el acceso a los mismos.<\/p>\n<p>El acceso al Sitio Web por el Usuario tiene car\u00e1cter libre y, por regla general, es gratuito sin que el Usuario tenga que proporcionar una contraprestaci\u00f3n para poder disfrutar de ello, salvo en lo relativo al coste de conexi\u00f3n a trav\u00e9s de la red de telecomunicaciones suministrada por el proveedor de acceso que hubiere contratado el Usuario.<\/p>\n<p>La utilizaci\u00f3n de alguno de los Contenidos o Servicios del Sitio Web podr\u00e1 hacerse mediante la suscripci\u00f3n o registro previo del Usuario.<\/p>\n<p><strong>Usuario<\/strong><\/p>\n<p>El acceso, la navegaci\u00f3n y uso del Sitio Web, (as\u00ed como por los espacios habilitados para interactuar entre los Usuarios, y el Usuario y GESTORIA CEBOLLERO, S.L., como los comentarios y\/o espacios de blogging en caso de haberlos), confieren la condici\u00f3n de Usuario. Por lo que el Usuario se compromete a utilizar la p\u00e1gina Web y aquellos servicios puestos a su disposici\u00f3n a trav\u00e9s de la misma, de manera acorde a la Ley, moral, buenas costumbres y orden p\u00fablico, as\u00ed como con lo dispuesto en el presente clausulado. En consecuencia, queda obligado a no utilizar la Web con fines o efectos il\u00edcitos y\/o contrarios a lo establecido, lesivos de derechos y\/o intereses de terceros o que, de cualquier forma, puedan da\u00f1ar la Web o impedir su normal uso, o de los servicios accesibles a trav\u00e9s de la misma.<\/p>\n<p>La utilizaci\u00f3n de la Web y\/o de sus Servicios, supondr\u00e1 la aceptaci\u00f3n plena y sin reservas, y la validez, de todas y cada una de las cl\u00e1usulas recogidas en la \u00faltima versi\u00f3n actualizada de este Aviso Legal, por lo que el Usuario deber\u00e1 ser consciente de la importancia de leerlas cada vez que visite la Web. A su vez, no supone entablar ning\u00fan tipo de relaci\u00f3n de car\u00e1cter comercial entre GESTORIA CEBOLLERO, S.L. y el Usuario.<\/p>\n<p>El acceso, la navegaci\u00f3n y uso del Sitio Web, confiere la condici\u00f3n de Usuario, por lo que se aceptan, desde que se inicia la navegaci\u00f3n por el Sitio Web, todas las Condiciones aqu\u00ed establecidas, as\u00ed como sus ulteriores modificaciones, sin perjuicio de la aplicaci\u00f3n de la correspondiente normativa legal de obligado cumplimiento seg\u00fan el caso. Dada la relevancia de lo anterior, se recomienda al Usuario leerlas cada vez que visite el Sitio Web.<\/p>\n<p>Siempre en el respeto de la legislaci\u00f3n vigente, este Sitio Web de GESTORIA CEBOLLERO, S.L. se dirige a todas las personas, sin importar su edad, que puedan acceder y\/o navegar por las p\u00e1ginas del Sitio Web.<\/p>\n<p>El Sitio Web est\u00e1 dirigido principalmente a Usuarios residentes en Espa\u00f1a\u00a0(PA\u00cdS).\u00a0 GESTORIA CEBOLLERO, S.L. no asegura que el Sitio Web cumpla con legislaciones de otros pa\u00edses, ya sea total o parcialmente. Si el Usuario reside o tiene su domiciliado en otro lugar y decide acceder y\/o navegar en el Sitio Web lo har\u00e1 bajo su propia responsabilidad, deber\u00e1 asegurarse de que tal acceso y navegaci\u00f3n cumple con la legislaci\u00f3n local que le es aplicable, no asumiendo EDOR TEAM responsabilidad alguna que se pueda derivar de dicho acceso.<\/p>\n<\/div><div class=\"bt_bb_separator bt_bb_top_spacing_medium bt_bb_border_style_none bt_bb_border_color_none\"><\/div><div  class=\"bt_bb_text\" ><h5>3) PROPIEDAD INTELECTUAL<\/h5>\n<p>A los efectos de preservar los posibles derechos de propiedad intelectual, en el caso de que cualquier usuario\/a o un tercero\/a considere que se ha producido una violaci\u00f3n de sus leg\u00edtimos derechos por la introducci\u00f3n de un determinado contenido en el Web, deber\u00e1 notificar dicha circunstancia a GESTORIA CEBOLLERO, S.L. indicando:<\/p>\n<p>&#8211; Datos personales de la persona interesada titular de los derechos presuntamente infringidos. Si la reclamaci\u00f3n la presenta un tercero\/a distinto de la persona interesada, deber\u00e1 indicar la representaci\u00f3n con la que act\u00faa.<\/p>\n<p>&#8211; Indicaci\u00f3n de los contenidos protegidos por los derechos de propiedad intelectual y su ubicaci\u00f3n en el Web.<\/p>\n<p>&#8211; Acreditaci\u00f3n de los citados derechos de propiedad intelectual.<\/p>\n<p>&#8211; Declaraci\u00f3n expresa en la que el interesado se responsabiliza de la veracidad de las informaciones facilitadas en la notificaci\u00f3n.<\/p>\n<p>La marca GESTORIA CEBOLLERO, S.L. y la correspondiente marca gr\u00e1fica es marca registrada y queda prohibida su reproducci\u00f3n o uso sin la autorizaci\u00f3n de su titular. Igualmente cualquiera otra marca del GESTORIA CEBOLLERO, S.L. que aparezca en los sitios web detallados en el apartado 1 de este aviso.<\/p>\n<p>La legitimidad de los derechos de propiedad intelectual o industrial correspondientes a los contenidos aportados por terceros\/as es de la exclusiva responsabilidad de los\/las mismos\/as.<\/p>\n<\/div><div class=\"bt_bb_separator bt_bb_top_spacing_medium bt_bb_border_style_none bt_bb_border_color_none\"><\/div><div  class=\"bt_bb_text\" ><h5>4) EXCLUSI\u00d3N DE RESPONSABILIDAD<\/h5>\n<p>GESTORIA CEBOLLERO, S.L. con la m\u00e1xima diligencia posible para que los datos y la informaci\u00f3n que ofrece en su sitio web est\u00e9 actualizada en todo momento. No garantiza ni se hace responsable la exactitud y actualizaci\u00f3n de los contenidos del sitio web, reserv\u00e1ndose el derecho a modificar estos contenidos en cualquier momento. GESTORIA CEBOLLERO, S.L. tampoco ser\u00e1 responsable de la informaci\u00f3n que se pueda obtener a trav\u00e9s de enlaces incluidos en el sitio web.<\/p>\n<p>Las relaciones comerciales entre clientes se regir\u00e1n por las condiciones generales que, si fuera necesario, se establecer\u00edan por GESTORIA CEBOLLERO, S.L. en un documento espec\u00edfico a este efecto, o para los pactos concretos que se puedan acordar con los clientes.<\/p>\n<\/div><div class=\"bt_bb_separator bt_bb_top_spacing_medium bt_bb_border_style_none bt_bb_border_color_none\"><\/div><div  class=\"bt_bb_text\" ><h5>5) POL\u00cdTICA DE INFORMACI\u00d3N Y PUBLICIDAD COMERCIAL<\/h5>\n<p>GESTORIA CEBOLLERO, S.L. se compromete a trav\u00e9s de este medio a no realizar publicidad enga\u00f1osa. A estos efectos, por lo tanto, no ser\u00e1n considerados como publicidad enga\u00f1osa los errores formales o num\u00e9ricos que puedan encontrarse a lo largo del contenido de las distintas secciones de la Web, producidos como consecuencia de un mantenimiento y\/o actualizaci\u00f3n incompleta de la informaci\u00f3n contenida en estas secciones. GESTORIA CEBOLLERO, S.L., como consecuencia de lo dispuesto en este apartado, se compromete a corregirlo tan pronto como tenga conocimiento de dichos errores.<\/p>\n<p>GESTORIA CEBOLLERO, S.L. se compromete a no remitir comunicaciones comerciales sin identificarlas como tales, conforme a lo dispuesto en la Ley 34\/2002 de Servicios de la Sociedad de la Informaci\u00f3n y de comercio electr\u00f3nico. A estos efectos no ser\u00e1 considerado como comunicaci\u00f3n comercial toda la informaci\u00f3n que se env\u00ede a los clientes de GESTORIA CEBOLLERO, S.L. que tenga por finalidad el mantenimiento de la relaci\u00f3n contractual existente entre cliente y GESTORIA CEBOLLERO, S.L., as\u00ed como el desempe\u00f1o de las tareas de informaci\u00f3n y otras actividades propias del servicio que el cliente tiene contratado.<\/p>\n<p>En el caso de recibir comunicaciones por estos medios (correos electr\u00f3nicos, mensajes de respuesta automatizada de formularios, y otros sistemas de comunicaci\u00f3n) le informamos que los mensajes se dirigen exclusivamente a su destinatario y puede contener informaci\u00f3n privilegiada o confidencial. Si no es vd. el destinatario indicado, queda notificado de que la utilizaci\u00f3n, divulgaci\u00f3n y\/o copia sin autorizaci\u00f3n est\u00e1 prohibida en virtud de la legislaci\u00f3n vigente.<\/p>\n<p>De conformidad con lo establecido en la Ley 34\/2002 de 11 de julio, de Servicios de la Sociedad de la Informaci\u00f3n y del Comercio Electr\u00f3nico, y la Directiva 2002\/58\/CE le comunicamos que en el supuesto de que no desee recibir comunicaciones e informaciones de \u00edndole comercial mediante este sistema de comunicaci\u00f3n electr\u00f3nica, nos lo indique por esta misma v\u00eda indicando en el asunto BAJA COMUNICACIONES para que sus datos personales sean dados de baja de nuestra base de datos. Su solicitud ser\u00e1 accionada en un plazo de 10 d\u00edas desde su env\u00edo. En el supuesto de que no recibamos contestaci\u00f3n expresa por su parte, entenderemos que acepta y autoriza que nuestra empresa siga realizando las referidas comunicaciones.<\/p>\n<\/div><div class=\"bt_bb_separator bt_bb_top_spacing_medium bt_bb_border_style_none bt_bb_border_color_none\"><\/div><div  class=\"bt_bb_text\" ><h5>6) POL\u00cdTICA DE ENLACES<\/h5>\n<p>Se informa que el Sitio Web de GESTORIA CEBOLLERO, S.L. pone o puede poner a disposici\u00f3n de los Usuarios medios de enlace (como, entre otros, links, banners, botones), directorios y motores de b\u00fasqueda que permiten a los Usuarios acceder a sitios web pertenecientes y\/o gestionados por terceros.<\/p>\n<p>La instalaci\u00f3n de estos enlaces, directorios y motores de b\u00fasqueda en el Sitio Web tiene por objeto facilitar a los Usuarios la b\u00fasqueda de y acceso a la informaci\u00f3n disponible en Internet, sin que pueda considerarse una sugerencia, recomendaci\u00f3n o invitaci\u00f3n para la visita de los mismos. GESTORIA CEBOLLERO, S.L. no ofrece ni comercializa por s\u00ed ni por medio de terceros los productos y\/o servicios disponibles en dichos sitios enlazados.<\/p>\n<p>El Usuario o tercero que realice un hiperv\u00ednculo desde una p\u00e1gina web de otro, distinto, sitio web al Sitio Web de\u00a0 deber\u00e1 saber que:<\/p>\n<p>No se permite la reproducci\u00f3n -total o parcialmente- de ninguno de los Contenidos y\/o Servicios del Sitio Web sin autorizaci\u00f3n expresa de GESTORIA CEBOLLERO, S.L..<\/p>\n<p>No se permite tampoco ninguna manifestaci\u00f3n falsa, inexacta o incorrecta sobre el Sitio Web de GESTORIA CEBOLLERO, S.L., ni sobre los Contenidos y\/o Servicios del mismo.<\/p>\n<p>A excepci\u00f3n del hiperv\u00ednculo, el sitio web en el que se establezca dicho hiperenlace no contendr\u00e1 ning\u00fan elemento, de este Sitio Web, protegido como propiedad intelectual por el ordenamiento jur\u00eddico espa\u00f1ol, salvo autorizaci\u00f3n expresa de GESTORIA CEBOLLERO, S.L..<\/p>\n<p>El establecimiento del hiperv\u00ednculo no implicar\u00e1 la existencia de relaciones entre GESTORIA CEBOLLERO, S.L. y el titular del sitio web desde el cual se realice, ni el conocimiento y aceptaci\u00f3n de GESTORIA CEBOLLERO, S.L. de los contenidos, servicios y\/o actividades ofrecidas en dicho sitio web, y viceversa.<\/p>\n<\/div><div class=\"bt_bb_separator bt_bb_top_spacing_medium bt_bb_border_style_none bt_bb_border_color_none\"><\/div><div  class=\"bt_bb_text\" ><h5>7) REDES SOCIALES<\/h5>\n<p>Le informamos que puede tener presencia en redes sociales. El tratamiento de los datos que se lleve a cabo de las personas que se hagan seguidoras en las redes sociales (y\/o realicen cualquier v\u00ednculo o acci\u00f3n de conexi\u00f3n a trav\u00e9s de las redes sociales) de las p\u00e1ginas oficiales de se regir\u00e1 por este apartado, as\u00ed como por aquellas condiciones de uso, pol\u00edticas de privacidad y normativas de acceso que pertenezcan a la red social que proceda en cada caso y aceptadas previamente por el usuario.<\/p>\n<\/div><div class=\"bt_bb_separator bt_bb_top_spacing_medium bt_bb_border_style_none bt_bb_border_color_none\"><\/div><div  class=\"bt_bb_text\" ><h5>8) JURISDICCI\u00d3N Y LEYES APLICABLES<\/h5>\n<p>El uso de este sitio web implica la aceptaci\u00f3n plena de los t\u00e9rminos del presente aviso legal.\u00a0 El presente Aviso Legal y todas las relaciones que se establezcan entre GESTORIA CEBOLLERO, S.L. el Usuario de la Web y sus servicios se regir\u00e1n por lo establecido en la legislaci\u00f3n espa\u00f1ola.<\/p>\n<p>\u00daltima actualizaci\u00f3n: 13\/02\/23<\/p>\n<\/div><\/div><\/div><\/div><\/div><\/div><\/div><\/div><\/div><\/section>","protected":false},"excerpt":{"rendered":"","protected":false},"author":2,"featured_media":0,"parent":0,"menu_order":0,"comment_status":"closed","ping_status":"closed","template":"","meta":[],"yoast_head":"<!-- This site is optimized with the Yoast SEO plugin v16.2 - https:\/\/yoast.com\/wordpress\/plugins\/seo\/ -->\n<title>Aviso legal - Gestor\u00eda Cebollero<\/title>\n<meta name=\"robots\" content=\"index, follow, max-snippet:-1, max-image-preview:large, max-video-preview:-1\" \/>\n<link rel=\"canonical\" href=\"https:\/\/gcebollero.com\/ca\/aviso-legal\/\" \/>\n<meta property=\"og:locale\" content=\"ca_ES\" \/>\n<meta property=\"og:type\" content=\"article\" \/>\n<meta property=\"og:title\" content=\"Aviso legal - Gestor\u00eda Cebollero\" \/>\n<meta property=\"og:url\" content=\"https:\/\/gcebollero.com\/ca\/aviso-legal\/\" \/>\n<meta property=\"og:site_name\" content=\"Gestor\u00eda Cebollero\" \/>\n<meta name=\"twitter:card\" content=\"summary_large_image\" \/>\n<meta name=\"twitter:label1\" content=\"Temps estimat de lectura\">\n\t<meta name=\"twitter:data1\" content=\"12 minuts\">\n<script type=\"application\/ld+json\" class=\"yoast-schema-graph\">{\"@context\":\"https:\/\/schema.org\",\"@graph\":[{\"@type\":\"WebSite\",\"@id\":\"https:\/\/gcebollero.com\/#website\",\"url\":\"https:\/\/gcebollero.com\/\",\"name\":\"Gestor\\u00eda Cebollero\",\"description\":\"Servicios administrativios y asesoramiento. Almacelles. Lleida.\",\"potentialAction\":[{\"@type\":\"SearchAction\",\"target\":\"https:\/\/gcebollero.com\/?s={search_term_string}\",\"query-input\":\"required name=search_term_string\"}],\"inLanguage\":\"ca\"},{\"@type\":\"WebPage\",\"@id\":\"https:\/\/gcebollero.com\/ca\/aviso-legal\/#webpage\",\"url\":\"https:\/\/gcebollero.com\/ca\/aviso-legal\/\",\"name\":\"Aviso legal - Gestor\\u00eda Cebollero\",\"isPartOf\":{\"@id\":\"https:\/\/gcebollero.com\/#website\"},\"datePublished\":\"2021-04-26T09:49:11+00:00\",\"dateModified\":\"2021-04-26T09:49:11+00:00\",\"breadcrumb\":{\"@id\":\"https:\/\/gcebollero.com\/ca\/aviso-legal\/#breadcrumb\"},\"inLanguage\":\"ca\",\"potentialAction\":[{\"@type\":\"ReadAction\",\"target\":[\"https:\/\/gcebollero.com\/ca\/aviso-legal\/\"]}]},{\"@type\":\"BreadcrumbList\",\"@id\":\"https:\/\/gcebollero.com\/ca\/aviso-legal\/#breadcrumb\",\"itemListElement\":[{\"@type\":\"ListItem\",\"position\":1,\"item\":{\"@type\":\"WebPage\",\"@id\":\"https:\/\/gcebollero.com\/ca\/\",\"url\":\"https:\/\/gcebollero.com\/ca\/\",\"name\":\"Portada\"}},{\"@type\":\"ListItem\",\"position\":2,\"item\":{\"@id\":\"https:\/\/gcebollero.com\/ca\/aviso-legal\/#webpage\"}}]}]}<\/script>\n<!-- \/ Yoast SEO plugin. -->","_links":{"self":[{"href":"https:\/\/gcebollero.com\/ca\/wp-json\/wp\/v2\/pages\/4484"}],"collection":[{"href":"https:\/\/gcebollero.com\/ca\/wp-json\/wp\/v2\/pages"}],"about":[{"href":"https:\/\/gcebollero.com\/ca\/wp-json\/wp\/v2\/types\/page"}],"author":[{"embeddable":true,"href":"https:\/\/gcebollero.com\/ca\/wp-json\/wp\/v2\/users\/2"}],"replies":[{"embeddable":true,"href":"https:\/\/gcebollero.com\/ca\/wp-json\/wp\/v2\/comments?post=4484"}],"version-history":[{"count":0,"href":"https:\/\/gcebollero.com\/ca\/wp-json\/wp\/v2\/pages\/4484\/revisions"}],"wp:attachment":[{"href":"https:\/\/gcebollero.com\/ca\/wp-json\/wp\/v2\/media?parent=4484"}],"curies":[{"name":"wp","href":"https:\/\/api.w.org\/{rel}","templated":true}]}}